{"id":24,"date":"2016-04-04T15:44:10","date_gmt":"2016-04-04T15:44:10","guid":{"rendered":"http:\/\/traescar.com.co\/?page_id=24"},"modified":"2020-05-04T02:25:04","modified_gmt":"2020-05-04T02:25:04","slug":"objetivos-corporativos","status":"publish","type":"page","link":"https:\/\/traescar.com\/index.php\/objetivos-corporativos\/","title":{"rendered":"Objetivos Corporativos"},"content":{"rendered":"\n<figure class=\"wp-block-image size-large\"><img loading=\"lazy\" decoding=\"async\" width=\"1030\" height=\"433\" src=\"https:\/\/traescar.com\/wp-content\/uploads\/2016\/03\/traescar9-1030x433.jpg\" alt=\"\" class=\"wp-image-49\" srcset=\"https:\/\/traescar.com\/wp-content\/uploads\/2016\/03\/traescar9-1030x433.jpg 1030w, https:\/\/traescar.com\/wp-content\/uploads\/2016\/03\/traescar9-300x126.jpg 300w, https:\/\/traescar.com\/wp-content\/uploads\/2016\/03\/traescar9-768x323.jpg 768w, https:\/\/traescar.com\/wp-content\/uploads\/2016\/03\/traescar9.jpg 1500w, https:\/\/traescar.com\/wp-content\/uploads\/2016\/03\/traescar9-705x296.jpg 705w, https:\/\/traescar.com\/wp-content\/uploads\/2016\/03\/traescar9-450x189.jpg 450w\" sizes=\"auto, (max-width: 1030px) 100vw, 1030px\" \/><\/figure>\n\n\n<h2><strong>OBJETIVOS CORPORATIVOS<\/strong><\/h2>\n<h3><strong>SEGURIDAD: <\/strong><\/h3>\n<p>Comprometidos para que nuestros veh\u00edculos est\u00e9n debidamente inspeccionados y que cumplan con la reglamentaci\u00f3n exigida tanto en documentaci\u00f3n como T\u00e9cnico mec\u00e1nica<strong>.<\/strong><\/p>\n<h3><strong>PUNTUALIDAD: <\/strong><\/h3>\n<p>En nuestros servicios porque m\u00e1s que un compromiso es el respeto por nuestros usuarios.<\/p>","protected":false},"excerpt":{"rendered":"<p>OBJETIVOS CORPORATIVOS SEGURIDAD: Comprometidos para que nuestros veh\u00edculos est\u00e9n debidamente inspeccionados y que cumplan con la reglamentaci\u00f3n exigida tanto en documentaci\u00f3n como T\u00e9cnico mec\u00e1nica. PUNTUALIDAD: En nuestros servicios porque m\u00e1s &#8230;<\/p>\n","protected":false},"author":1,"featured_media":0,"parent":0,"menu_order":0,"comment_status":"closed","ping_status":"closed","template":"","meta":{"footnotes":""},"class_list":["post-24","page","type-page","status-publish","hentry"],"_links":{"self":[{"href":"https:\/\/traescar.com\/index.php\/wp-json\/wp\/v2\/pages\/24","targetHints":{"allow":["GET"]}}],"collection":[{"href":"https:\/\/traescar.com\/index.php\/wp-json\/wp\/v2\/pages"}],"about":[{"href":"https:\/\/traescar.com\/index.php\/wp-json\/wp\/v2\/types\/page"}],"author":[{"embeddable":true,"href":"https:\/\/traescar.com\/index.php\/wp-json\/wp\/v2\/users\/1"}],"replies":[{"embeddable":true,"href":"https:\/\/traescar.com\/index.php\/wp-json\/wp\/v2\/comments?post=24"}],"version-history":[{"count":7,"href":"https:\/\/traescar.com\/index.php\/wp-json\/wp\/v2\/pages\/24\/revisions"}],"predecessor-version":[{"id":210,"href":"https:\/\/traescar.com\/index.php\/wp-json\/wp\/v2\/pages\/24\/revisions\/210"}],"wp:attachment":[{"href":"https:\/\/traescar.com\/index.php\/wp-json\/wp\/v2\/media?parent=24"}],"curies":[{"name":"wp","href":"https:\/\/api.w.org\/{rel}","templated":true}]}}