{"id":20,"date":"2016-04-04T15:41:40","date_gmt":"2016-04-04T15:41:40","guid":{"rendered":"http:\/\/traescar.com.co\/?page_id=20"},"modified":"2021-05-07T16:07:23","modified_gmt":"2021-05-07T16:07:23","slug":"sgi","status":"publish","type":"page","link":"https:\/\/traescar.com\/index.php\/sgi\/","title":{"rendered":"SGI"},"content":{"rendered":"\n<figure class=\"wp-block-image size-large\"><img loading=\"lazy\" decoding=\"async\" width=\"1030\" height=\"433\" src=\"https:\/\/traescar.com\/wp-content\/uploads\/2016\/04\/traescar3-1030x433.jpg\" alt=\"\" class=\"wp-image-51\" srcset=\"https:\/\/traescar.com\/wp-content\/uploads\/2016\/04\/traescar3-1030x433.jpg 1030w, https:\/\/traescar.com\/wp-content\/uploads\/2016\/04\/traescar3-300x126.jpg 300w, https:\/\/traescar.com\/wp-content\/uploads\/2016\/04\/traescar3-768x323.jpg 768w, https:\/\/traescar.com\/wp-content\/uploads\/2016\/04\/traescar3.jpg 1500w, https:\/\/traescar.com\/wp-content\/uploads\/2016\/04\/traescar3-705x296.jpg 705w, https:\/\/traescar.com\/wp-content\/uploads\/2016\/04\/traescar3-450x189.jpg 450w\" sizes=\"auto, (max-width: 1030px) 100vw, 1030px\" \/><\/figure>\n\n\n<h2><strong><em>NUESTRA EMPRESA<\/em><\/strong><\/h2>\n<p><strong>TRAESCAR SAS<\/strong> es una empresa de car\u00e1cter privado, habilitada para prestar el servicio p\u00fablico de transporte terrestre automotor especial (turismo, empresarial\u00a0\u00a0 y escolar).<\/p>\n<h3><strong>Rese\u00f1a Hist\u00f3rica<\/strong><\/h3>\n<p>Traescar SAS, nace de la idea de un grupo de personas que llevaban varios a\u00f1os desarrollando su actividad econ\u00f3mica en el gremio transportador y decidieron unir esfuerzos de experiencia y econ\u00f3micos para crear una empresa de transporte especial la cual las necesidades m\u00e1s inminentes del mercado tanto para el p\u00fablico en general como para los propietarios y conductores de especiales. \u00a0Es as\u00ed como a finales del 2013 se dio inicio a este interesante proyecto que hasta el momento ha dado como resultado una gran aceptaci\u00f3n por parte de nuestros clientes externos e internos, motivo por el cual queremos consolidarnos como la mejor empresa de transporte especial de la reg\u00edon.<\/p>\n<h3><strong style=\"line-height: 1.5;\"><em>MISION<\/em><\/strong><\/h3>\n<ul>\n<li>Satisfacer las necesidades y expectativas en transporte de pasajeros modalidad especial (Empresas, Instituciones Educativas, Turismo y particulares en general).<\/li>\n<li>La calidad del servicio se fundamenta en el cumplimiento de los requisitos legales y satisfacci\u00f3n en las expectativas de los clientes, con un personal competente que logra los resultados previstos y un parque automotor moderno que garantiza la seguridad de las personas adquiriendo un compromiso con la sociedad, accionistas, afiliados y empleados.<\/li>\n<\/ul>\n<h3><strong><em>VISION<\/em><\/strong><\/h3>\n<p>Destacarnos por la prestaci\u00f3n de un servicio seguro y confiable, dando cumplimiento a los requerimientos de los clientes para llegar a ser aliado estrat\u00e9gico de las empresas de la regi\u00f3n y estar financieramente consolidado.<\/p>\n<p>Cumplimos con todos los requisitos legales establecidos en el Decreto 174 de Febrero 5 de 2001.<\/p>","protected":false},"excerpt":{"rendered":"<p>NUESTRA EMPRESA TRAESCAR SAS es una empresa de car\u00e1cter privado, habilitada para prestar el servicio p\u00fablico de transporte terrestre automotor especial (turismo, empresarial\u00a0\u00a0 y escolar). Rese\u00f1a Hist\u00f3rica Traescar SAS, nace &#8230;<\/p>\n","protected":false},"author":1,"featured_media":0,"parent":0,"menu_order":0,"comment_status":"closed","ping_status":"closed","template":"","meta":{"footnotes":""},"class_list":["post-20","page","type-page","status-publish","hentry"],"_links":{"self":[{"href":"https:\/\/traescar.com\/index.php\/wp-json\/wp\/v2\/pages\/20","targetHints":{"allow":["GET"]}}],"collection":[{"href":"https:\/\/traescar.com\/index.php\/wp-json\/wp\/v2\/pages"}],"about":[{"href":"https:\/\/traescar.com\/index.php\/wp-json\/wp\/v2\/types\/page"}],"author":[{"embeddable":true,"href":"https:\/\/traescar.com\/index.php\/wp-json\/wp\/v2\/users\/1"}],"replies":[{"embeddable":true,"href":"https:\/\/traescar.com\/index.php\/wp-json\/wp\/v2\/comments?post=20"}],"version-history":[{"count":16,"href":"https:\/\/traescar.com\/index.php\/wp-json\/wp\/v2\/pages\/20\/revisions"}],"predecessor-version":[{"id":237,"href":"https:\/\/traescar.com\/index.php\/wp-json\/wp\/v2\/pages\/20\/revisions\/237"}],"wp:attachment":[{"href":"https:\/\/traescar.com\/index.php\/wp-json\/wp\/v2\/media?parent=20"}],"curies":[{"name":"wp","href":"https:\/\/api.w.org\/{rel}","templated":true}]}}