{"id":150,"date":"2019-03-07T01:02:31","date_gmt":"2019-03-07T01:02:31","guid":{"rendered":"http:\/\/traescar.com.co\/?page_id=150"},"modified":"2024-07-29T20:41:57","modified_gmt":"2024-07-29T20:41:57","slug":"aviso-de-privacidad","status":"publish","type":"page","link":"https:\/\/traescar.com\/index.php\/aviso-de-privacidad\/","title":{"rendered":"AVISO DE PRIVACIDAD"},"content":{"rendered":"<h1><strong>AVISO DE PRIVACIDAD<\/strong><\/h1>\n<p><strong>\u00a0<\/strong><\/p>\n<p>La empresa Traescar S.A.S, es responsable del manejo de los datos personales y sus\u00a0 datos de contacto son los siguientes:<\/p>\n<p><strong>RESPONSABLE DEL TRATAMIENTO: <\/strong>Luz Adriana Fonseca Giraldo.<\/p>\n<p><strong>CELULAR: <\/strong>3207611916<\/p>\n<p><strong>DIRECCION: <\/strong>Carrera 19 B 52 41<\/p>\n<p><strong>CORREO ELECTRONICO: <\/strong>gerencia@traescar.com<\/p>\n<p>Y har\u00e1 uso de los mismos, \u00fanicamente para las finalidades indicadas en la pol\u00edtica de tratamiento de datos personales la cual puede ser consultada en cualquier momento por usted en la <strong>p\u00e1gina web de la empresa www.traescar.com.co.<\/strong> All\u00ed encontrara en detalle todo lo relacionado con el procedimiento para que pueda ejercer los derechos a conocer, actualizar, rectificar y suprimir informaci\u00f3n y revocar la autorizaci\u00f3n.<\/p>\n<p>El tratamiento que se le dar\u00e1 a los datos personales de los\u00a0 clientes, proveedores, vinculados y conductores que aparecen registrados en la base de datos de la empresa Traescar S.A.S, ser\u00e1n utilizados espec\u00edficamente para:<\/p>\n<ul>\n<li>Llevar a cabo tramites contables que hallan desde las causaciones hasta pagos.<\/li>\n<li>Para realizar las cotizaciones de clientes de la empresa.<\/li>\n<li>Para contactar a los clientes ya sea con fines de actualizar datos o para realizar publicidad sobre los servicios que ofrece la empresa.<\/li>\n<li>Elaboraci\u00f3n de los extractos del contrato y permisos de movilizaci\u00f3n.<\/li>\n<li>Poseer una trazabilidad de las personas que han y est\u00e1n laborando en la empresa Traescar S.A.S.<\/li>\n<li>Para capacitaciones de los vinculados, sobre actualizaci\u00f3n de normatividad.<\/li>\n<li>Para realizar tramitolog\u00eda del ministerio de transporte.<\/li>\n<li>Realizar gesti\u00f3n de mora.<\/li>\n<li>Para generar los cobros y pagos de los veh\u00edculos.<\/li>\n<\/ul>\n<h2><strong>CANALES DE INFORMACION<\/strong><\/h2>\n<p>En la empresa Traescar S.A.S contamos con los siguientes canales de informaci\u00f3n:<\/p>\n<ul>\n<li>P\u00e1gina de la empresa: www.traescar.com.co<\/li>\n<li>correo electr\u00f3nico: operaciones@traescar.com.co<\/li>\n<li>V\u00eda telef\u00f3nica:<\/li>\n<\/ul>\n<p>Tel\u00e9fono fijo: 606-8704858<\/p>\n<p>Celular: 3207611916<\/p>\n<ul>\n<li>Personalmente: En nuestra sede principal ubicada en la Carrera 19 B 52 41. Baja Leonora.<\/li>\n<\/ul>\n<p>El presente documento garantiza el cumplimiento con lo dispuesto en la ley 1581 de 2012.<\/p>\n","protected":false},"excerpt":{"rendered":"<p>AVISO DE PRIVACIDAD \u00a0 La empresa Traescar S.A.S, es responsable del manejo de los datos personales y sus\u00a0 datos de contacto son los siguientes: RESPONSABLE DEL TRATAMIENTO: Luz Adriana Fonseca &#8230;<\/p>\n","protected":false},"author":1,"featured_media":0,"parent":0,"menu_order":0,"comment_status":"closed","ping_status":"closed","template":"","meta":{"footnotes":""},"class_list":["post-150","page","type-page","status-publish","hentry"],"_links":{"self":[{"href":"https:\/\/traescar.com\/index.php\/wp-json\/wp\/v2\/pages\/150","targetHints":{"allow":["GET"]}}],"collection":[{"href":"https:\/\/traescar.com\/index.php\/wp-json\/wp\/v2\/pages"}],"about":[{"href":"https:\/\/traescar.com\/index.php\/wp-json\/wp\/v2\/types\/page"}],"author":[{"embeddable":true,"href":"https:\/\/traescar.com\/index.php\/wp-json\/wp\/v2\/users\/1"}],"replies":[{"embeddable":true,"href":"https:\/\/traescar.com\/index.php\/wp-json\/wp\/v2\/comments?post=150"}],"version-history":[{"count":5,"href":"https:\/\/traescar.com\/index.php\/wp-json\/wp\/v2\/pages\/150\/revisions"}],"predecessor-version":[{"id":255,"href":"https:\/\/traescar.com\/index.php\/wp-json\/wp\/v2\/pages\/150\/revisions\/255"}],"wp:attachment":[{"href":"https:\/\/traescar.com\/index.php\/wp-json\/wp\/v2\/media?parent=150"}],"curies":[{"name":"wp","href":"https:\/\/api.w.org\/{rel}","templated":true}]}}