{"id":147,"date":"2019-03-07T01:00:40","date_gmt":"2019-03-07T01:00:40","guid":{"rendered":"http:\/\/traescar.com.co\/?page_id=147"},"modified":"2025-09-21T22:07:07","modified_gmt":"2025-09-21T22:07:07","slug":"politicas-traescar","status":"publish","type":"page","link":"https:\/\/traescar.com\/index.php\/politicas-traescar\/","title":{"rendered":"Pol\u00edticas Traescar"},"content":{"rendered":"\n<figure class=\"wp-block-image size-large\"><img loading=\"lazy\" decoding=\"async\" width=\"1030\" height=\"433\" src=\"https:\/\/traescar.com\/wp-content\/uploads\/2016\/04\/traescar8-1030x433.jpg\" alt=\"\" class=\"wp-image-55\" srcset=\"https:\/\/traescar.com\/wp-content\/uploads\/2016\/04\/traescar8-1030x433.jpg 1030w, https:\/\/traescar.com\/wp-content\/uploads\/2016\/04\/traescar8-300x126.jpg 300w, https:\/\/traescar.com\/wp-content\/uploads\/2016\/04\/traescar8-768x323.jpg 768w, https:\/\/traescar.com\/wp-content\/uploads\/2016\/04\/traescar8.jpg 1500w, https:\/\/traescar.com\/wp-content\/uploads\/2016\/04\/traescar8-705x296.jpg 705w, https:\/\/traescar.com\/wp-content\/uploads\/2016\/04\/traescar8-450x189.jpg 450w\" sizes=\"auto, (max-width: 1030px) 100vw, 1030px\" \/><\/figure>\n\n\n<h2>Politicas Traescar S.A.S<\/h2>\n<h3>Pol\u00edtica de Seguridad Vial<\/h3>\n<p>La Empresa Traescar en pro de la mejora continua, se compromete a identificar, dise\u00f1ar, implementar y verificar medidas que permitan asegurar las condiciones id\u00f3neas de los veh\u00edculos y generar en su personal y los conductores que funcionen en representaci\u00f3n de la misma, una cultura de prevenci\u00f3n de accidentes y de manejo adecuado en la v\u00eda, es por eso que cada uno de los integrantes es responsable de la participaci\u00f3n en actividades que programe y ejecute la Organizaci\u00f3n para la disminuci\u00f3n de la probabilidad de ocurrencia de accidentes que puedan afectar la integridad f\u00edsica, mental y social de la comunidad en general y del medio ambiente.<br \/>Para cumplir este prop\u00f3sito, la organizaci\u00f3n se basa en las siguientes medidas:<\/p>\n<ul>\n<li>Cumplir con la reglamentaci\u00f3n establecida en el C\u00f3digo Nacional de Tr\u00e1nsito Terrestre seg\u00fan la Ley 769 de 2002, ley 1383 de 2010 y dem\u00e1s requisitos legales aplicables, que se enmarcan en la implementaci\u00f3n del Plan Estrat\u00e9gico de Seguridad Vial.<\/li>\n<li>La empresa vigilar\u00e1 la responsabilidad de los contratistas en el mantenimiento preventivo y correctivo, con el fin de mantener un desempe\u00f1o \u00f3ptimo de sus veh\u00edculos y de los pertenecientes a los vinculados, estableciendo las medidas de control para evitar la ocurrencia de accidentes que puedan generar da\u00f1os al individuo o a terceros.<\/li>\n<li>Establecer estrategias de concientizaci\u00f3n a los conductores a trav\u00e9s de capacitaciones de orientaci\u00f3n a la prevenci\u00f3n de accidentes de tr\u00e1nsito, consumo de drogas y alcohol y respeto por las se\u00f1ales de tr\u00e1nsito vehicular, que permitan la adopci\u00f3n de conductas proactivas frente al manejo defensivo.<\/li>\n<\/ul>\n<p>\u2022 La gerencia destinar\u00e1 los recursos financieros, humanos y t\u00e9cnicos necesarios para dar cumplimiento a \u00e9sta pol\u00edtica.<\/p>\n<h3>Pol\u00edtica de no Consumo de Alcohol, Tabaco y Sustancias Psicoactivas<\/h3>\n<p>Es pol\u00edtica de TRAESCAR S.A.S, que en horas de trabajo, instalaciones de la empresa, sitios habituales de trabajo, obras e instalaciones del cliente o en el transporte que suministre la empresa, los empleados, conductores y vinculados no hagan uso, posesi\u00f3n, manufactura o posesi\u00f3n ilegal de sustancias controladas, tales como bebidas alcoh\u00f3licas, estupefacientes u otras sustancias psicotr\u00f3picas; por esta raz\u00f3n la empresa se encargar\u00e1 de educar y sensibilizar a sus empleados, conductores y vinculados en este tema. De igual manera la empresa proh\u00edbe el consumo de tabaco en sus instalaciones y en los sitios de trabajo.<\/p>\n<h3 dir=\"auto\">POLITICA DE REGULACI\u00d3N DE VELOCIDAD<\/h3>\n<div dir=\"auto\">\u00a0<\/div>\n<div dir=\"auto\">Para evitar accidentes e incidentes de tr\u00e1nsito, los l\u00edmites de velocidad establecidos en el C\u00f3digo Nacional de Tr\u00e1nsito en el art\u00edculo 106 y 107 del cap\u00edtulo XI deben ser respetados, es por eso, que Traescar adopta los siguientes l\u00edmites de velocidad:<\/div>\n<div dir=\"auto\">\u00a0<\/div>\n<div dir=\"auto\">\u2022 En zona escolar y residenciales es de 30 km\/h.<\/div>\n<div dir=\"auto\">\u2022 En carretera Nacional y Departamental es de 90 Km\/h.<\/div>\n<div dir=\"auto\">\u2022 V\u00edas con doble calzada la cual no cuente con senderos peatonales es de 120 Km\/h<\/div>\n<div dir=\"auto\">\u2022 En v\u00eda urbana y carretera municipal es de 50 km\/h. (sujeto a la se\u00f1alizaci\u00f3n de la autoridad competente).<\/div>\n<div dir=\"auto\">\u00a0<\/div>\n<h3>Pol\u00edtica de Uso del Cintur\u00f3n de Seguridad<\/h3>\n<p>Todo empleado y\/o Conductor de Traescar S.A.S, debe tener puesto el cintur\u00f3n de seguridad siempre que conduzca un veh\u00edculo por corto que sea el trayecto y es responsable por que cada uno de los ocupantes del veh\u00edculo lo usen de manera apropiada, segura y en todo momento.<\/p>\n<h3>Pol\u00edtica de No Uso de Equipos de Comunicaci\u00f3n M\u00f3viles Mientras se Conduce<\/h3>\n<p>Se debe evitar toda conversaci\u00f3n u otras distracciones cuando se est\u00e1 al volante. Traescar, aprueba el uso de m\u00f3viles con fines laborales, pero proh\u00edbe que los conductores los utilicen mientras conducen cualquier tipo de veh\u00edculo. Si el conductor necesita hacer una llamada personal o laboral mientras conduce un veh\u00edculo, este deber\u00e1 parar y realizar tal llamada de forma segura. Adem\u00e1s, la empresa, espera que todos los actores de movilidad vial involucrado con la empresa cumplan la pol\u00edtica de no uso de equipos de comunicaci\u00f3n m\u00f3viles mientras conduce y como lo establece el c\u00f3digo de tr\u00e1nsito en Colombia, en lo que respecta al uso de m\u00f3viles mientras se conduce un veh\u00edculo motorizado.<\/p>\n<h3>Pol\u00edtica Integrada Seguridad y Salud en el Trabajo y Calidad<\/h3>\n<p>La gerencia de Traescar S.A.S empresa dedicada al servicio especial de transporte terrestre Automotor, se compromete a:<\/p>\n<ul>\n<li>Velar por el bienestar, f\u00edsico, mental y social de todos sus empleados, contando\u00a0para ello con los recursos f\u00edsicos, econ\u00f3micos y humanos para prevenir y controlar<br \/>accidentes de trabajo o enfermedades de tipo laboral que se puedan generar por\u00a0los factores de riesgos propios de nuestra actividad econ\u00f3mica.<\/li>\n<li>Cuidar la integridad f\u00edsica de sus empleados mediante la promoci\u00f3n de una cultura de autocuidado, identificaci\u00f3n y priorizaci\u00f3n en el control de riesgos, la aplicaci\u00f3n<br \/>de los procedimientos y protocolos de trabajo y comportamientos seguros.<\/li>\n<li>Contar con los canales de consulta y participaci\u00f3n necesarios para la gesti\u00f3n de\u00a0factores de riesgo laborales.<\/li>\n<li>Cumplir con los requisitos legales aplicables de la normatividad vigente en materia\u00a0de seguridad y salud en el trabajo y los establecidos por el cliente en Calidad.<\/li>\n<li>Procurar siempre la mejora continua en la prestaci\u00f3n del servicio y en la gesti\u00f3n de\u00a0factores de riesgo asociados al trabajo.<\/li>\n<li>Lograr la excelencia en la prestaci\u00f3n de servicio de transporte terrestre\u00a0automotor en la modalidad Escolar, tur\u00edstica y empresarial.<\/li>\n<li>Lograr los resultados financieros esperados.<\/li>\n<\/ul>\n<h3>Pol\u00edtica Sostenibilidad Tur\u00edstica<\/h3>\n<p>Conscientes de la importancia de mantener un desarrollo tur\u00edstico sostenible, y asumidos los principios adoptados espec\u00edficamente en la <b>Norma T\u00e9cnica Sectorial NTS-TS 005, TRAESCAR <\/b>se compromete llevar a cabo una gesti\u00f3n sostenible de sus actividades, mediante la adopci\u00f3n de compromisos orientados a prevenir, eliminar o reducir el efecto de nuestras instalaciones y actividades en los destinos que ofertamos en nuestro portafolio de servicios, as\u00ed como optimizar la sostenibilidad de la\u00a0 empresa, mejorando su comportamiento con el entorno.<\/p>\n<p>En ese mismo sentido, <b>TRAESCAR<\/b> ha adoptado la siguiente pol\u00edtica de turismo sostenible, mediante la cual se compromete a cumplir los requisitos establecidos en la Norma T\u00e9cnica Sectorial <b>NTS-TS 005, <\/b>que incluye, entre otras cosas, los requerimientos legales que regulan los impactos generados por el transporte tur\u00edstico. As\u00ed mismo, nos comprometemos a motivar y formar a nuestro personal con acciones formativas y de concientizaci\u00f3n sobre los principios del turismo sostenible, a promover las buenas pr\u00e1cticas medioambientales en el entorno, participar en actividades externas, y a informar tanto interna como externamente sobre los avances y actuaciones medioambientales de la empresa.<\/p>\n<p>Uno de nuestros principales objetivos es perfeccionar la gesti\u00f3n sostenible, asumiendo los compromisos de mejora continua en todos los \u00e1mbitos de la sostenibilidad: social, econ\u00f3mico y ambiental, as\u00ed como en la satisfacci\u00f3n del cliente. Para ello se someter\u00e1n los proyectos de futuras ampliaciones de las instalaciones o actividades a criterios de sostenibilidad y eficiencia en el uso de recursos.<\/p>\n<p>La direcci\u00f3n de <b>TRAESCAR<\/b> se compromete a velar por el cumplimiento de esta pol\u00edtica de turismo sostenible y la actualizar\u00e1 siempre que las circunstancias lo requieran, adoptando y publicando en ambos casos nuevos objetivos de sostenibilidad.<\/p>\n<h3>Politica de prevenci\u00f3n ESCNNA (Explotaci\u00f3n Sexual y Comercial de Ni\u00f1os, Ni\u00f1as y Adolescentes)<\/h3>\n<p>En <strong>Traescar<\/strong> estamos comprometidos con la prevenci\u00f3n de la explotaci\u00f3n sexual comercial de ni\u00f1os, ni\u00f1as y adolescentes, mediante la articulaci\u00f3n estrat\u00e9gica del c\u00f3digo de conducta, a trav\u00e9s de diversas actividades como campa\u00f1as y sensibilizaci\u00f3n a nuestros Pasajeros, Conductores y Colaboradores respaldando el cumplimiento de la Ley 1329 de 2009 y la Ley 1336 de 2009.<\/p>\n<h3 class=\"x_-60009105gmail-Default\"><span class=\"x_1179328710colour\"><span class=\"x_1179328710font\"><span class=\"x_1179328710size\"><b>POLITICA DE REGULACION DE HORAS DE CONDUCCI\u00d3N Y <\/b><\/span><\/span><\/span><span class=\"x_1179328710colour\"><span class=\"x_1179328710font\"><span class=\"x_1179328710size\"><b>DESCANSO<\/b><\/span><\/span><\/span><\/h3>\n<p class=\"\"><span class=\"x_1179328710font\"><span class=\"x_1179328710size\"><span class=\"x_1179328710colour\">\u00a0<\/span><\/span><\/span><span class=\"x_1179328710font\"><span class=\"x_1179328710size\"><span class=\"x_1179328710colour\">Todo empleado y\/o Conductor de la empresa Traescar, no debe exceder un turno de conducci\u00f3n de 10 horas; en caso de presentarse un exceso de la jornada m\u00e1xima debe indicar la justificaci\u00f3n. El descanso m\u00ednimo para iniciar nuevamente con su labor deber\u00e1 ser de 6 horas y tras 4,5 horas de conducci\u00f3n el conductor deber\u00e1 realizar una pausa de descanso con una duraci\u00f3n m\u00ednima de 15 minutos.<\/span><\/span><\/span><\/p>\n<h3><strong>ALCANCE DEL SISTEMA DE GESTI\u00d3N INTEGRADO:<\/strong><\/h3>\n<p>El alcance del sistema de gesti\u00f3n integrado, abarca a nivel nacional los servicios de transporte terrestre automotor de pasajeros bajo la modalidad especial, en los servicios de de transporte tur\u00edstico, empresarial y escolar, incluyendo a su vez las partes interesadas, y los factores internos y externos que puedan afectar la conformidad de los servicios, la seguridad y salud de los trabajadores y el sistema de gesti\u00f3n integrado.<\/p>\n<h3><strong>POL\u00cdTICA DE CONVIVENCIA LABORAL<\/strong><\/h3>\n<p>Eliminaci\u00f3n de todas las formas de discriminaci\u00f3n, hostigamiento y violencia en la empresa<\/p>\n<p>Traescar, de acuerdo con los principios de respeto y no discriminaci\u00f3n, los cuales declara innegociables, y con el \ufb01n de garantizar entornos libres de violencia en los que se proteja la\u00a0 honra, la dignidad, el buen nombre, la intimidad, la salud mental y la libertad de las personas en el ambiente laboral, con el objeto de propiciar\u00a0 ambientes laborales sanos y seguros; declara no aceptar ninguna forma de discriminaci\u00f3n, hostigamiento y violencia, para lo cual estamos comprometidos a desarrollar, gestionar y mantener, todas las formas preventivas y correctivas de acoso laboral y sexual y promover un buen\u00a0 ambiente de convivencia laboral .<\/p>\n<p class=\"\"><span class=\"x_1179328710font\"><span class=\"x_1179328710size\"><span class=\"x_1179328710colour\">\u00a0<\/span><\/span><\/span><\/p>","protected":false},"excerpt":{"rendered":"<p>Politicas Traescar S.A.S Pol\u00edtica de Seguridad Vial La Empresa Traescar en pro de la mejora continua, se compromete a identificar, dise\u00f1ar, implementar y verificar medidas que permitan asegurar las condiciones &#8230;<\/p>\n","protected":false},"author":1,"featured_media":0,"parent":0,"menu_order":0,"comment_status":"closed","ping_status":"closed","template":"","meta":{"footnotes":""},"class_list":["post-147","page","type-page","status-publish","hentry"],"_links":{"self":[{"href":"https:\/\/traescar.com\/index.php\/wp-json\/wp\/v2\/pages\/147","targetHints":{"allow":["GET"]}}],"collection":[{"href":"https:\/\/traescar.com\/index.php\/wp-json\/wp\/v2\/pages"}],"about":[{"href":"https:\/\/traescar.com\/index.php\/wp-json\/wp\/v2\/types\/page"}],"author":[{"embeddable":true,"href":"https:\/\/traescar.com\/index.php\/wp-json\/wp\/v2\/users\/1"}],"replies":[{"embeddable":true,"href":"https:\/\/traescar.com\/index.php\/wp-json\/wp\/v2\/comments?post=147"}],"version-history":[{"count":14,"href":"https:\/\/traescar.com\/index.php\/wp-json\/wp\/v2\/pages\/147\/revisions"}],"predecessor-version":[{"id":272,"href":"https:\/\/traescar.com\/index.php\/wp-json\/wp\/v2\/pages\/147\/revisions\/272"}],"wp:attachment":[{"href":"https:\/\/traescar.com\/index.php\/wp-json\/wp\/v2\/media?parent=147"}],"curies":[{"name":"wp","href":"https:\/\/api.w.org\/{rel}","templated":true}]}}