{"id":12,"date":"2016-03-28T01:01:08","date_gmt":"2016-03-28T01:01:08","guid":{"rendered":"http:\/\/traescar.com.co\/?page_id=12"},"modified":"2021-03-17T20:03:04","modified_gmt":"2021-03-17T20:03:04","slug":"traescar-s-a-s-inicio","status":"publish","type":"page","link":"https:\/\/traescar.com\/","title":{"rendered":"Traescar S.A.S. &#8211; Inicio"},"content":{"rendered":"<p><iframe loading=\"lazy\" src=\"https:\/\/www.youtube.com\/embed\/7n3jfBoKT_0?rel=0\" width=\"1280\" height=\"720\" frameborder=\"0\" allowfullscreen=\"allowfullscreen\"><\/iframe><br \/><em><strong>Servicios:<\/strong><\/em><br \/>Estamos dedicados al transporte Especial de Pasajeros en las siguientes modalidades:<\/p>\n<p><strong>Transporte Empresarial:<\/strong><br \/>Cubrimos los servicios a las instituciones p\u00fablicas y privadas que deben cubrir los desplazamientos de sus empleados y as\u00ed optimizar los tiempos de trabajo.<\/p>\n<p><strong>Transporte Escolar:<\/strong><\/p>\n<p>Estamos en diferentes colegios de la ciudad, prestando el servicio de transporte a los estudiantes, con los m\u00e1s altos \u00edndices de seguridad y seriedad en el recorrido, para ello contamos con el acompa\u00f1amiento de una Auxiliar de Ruta en cada uno de los veh\u00edculos.<\/p>\n<p><strong>Transporte Tur\u00edstico:<\/strong><\/p>\n<p>Ofrecemos nuestro parque automotor a nivel nacional para todas aquellas personas o entidades que presten servicios de turismo, como agencias de viajes, operadores log\u00edsticos. As\u00ed mismo para todas las personas que desen realizar un viaje a cualquier destino nacional.<\/p>\n<p><strong>POLITICA EMPRESARIAL<\/strong><\/p>\n<p>La Pol\u00edtica Empresarial de Traescar SAS est\u00e1 basada en nuestra Misi\u00f3n, Visi\u00f3n y\u00a0Valores Corportativos, teniendo en cuenta que el trabajo, la disciplina y el orden\u00a0son factores fundamentales que influyen en el \u00e9xito de nuestra empresa.<\/p>\n<p>Somos una empresa que nos esforzamos d\u00eda a d\u00eda para dar a nuestros clientes\u00a0internos y externos lo mejor de nosotros a fin de brindarles una buena y cordial\u00a0atenci\u00f3n y as\u00ed satisfacer todas sus necesidades dentro del colectivo en el cual nos\u00a0estamos desenvolviendo.<\/p>\n<p>Estamos dispuestos a emplear todo nuestro potencial, conocimiento y calidad\u00a0humana para cumplir nuestros objetivos.<\/p>\n\n\n<pre class=\"wp-block-code\"><code><iframe src=\"https:\/\/www.google.com\/maps\/embed?pb=!1m18!1m12!1m3!1d3974.235898892304!2d-75.49702335012694!3d5.065472839780083!2m3!1f0!2f0!3f0!3m2!1i1024!2i768!4f13.1!3m3!1m2!1s0x8e476fbe10938d33%3A0xadc20bfa22a1b506!2sTraescar%20S.A.S.!5e0!3m2!1ses-419!2sco!4v1616011183054!5m2!1ses-419!2sco\" width=\"600\" height=\"450\" style=\"border:0;\" allowfullscreen=\"\" loading=\"lazy\"><\/iframe><\/code><\/pre>\n","protected":false},"excerpt":{"rendered":"<p>Servicios:Estamos dedicados al transporte Especial de Pasajeros en las siguientes modalidades: Transporte Empresarial:Cubrimos los servicios a las instituciones p\u00fablicas y privadas que deben cubrir los desplazamientos de sus empleados y &#8230;<\/p>\n","protected":false},"author":1,"featured_media":0,"parent":0,"menu_order":0,"comment_status":"closed","ping_status":"closed","template":"","meta":{"footnotes":""},"class_list":["post-12","page","type-page","status-publish","hentry"],"_links":{"self":[{"href":"https:\/\/traescar.com\/index.php\/wp-json\/wp\/v2\/pages\/12","targetHints":{"allow":["GET"]}}],"collection":[{"href":"https:\/\/traescar.com\/index.php\/wp-json\/wp\/v2\/pages"}],"about":[{"href":"https:\/\/traescar.com\/index.php\/wp-json\/wp\/v2\/types\/page"}],"author":[{"embeddable":true,"href":"https:\/\/traescar.com\/index.php\/wp-json\/wp\/v2\/users\/1"}],"replies":[{"embeddable":true,"href":"https:\/\/traescar.com\/index.php\/wp-json\/wp\/v2\/comments?post=12"}],"version-history":[{"count":23,"href":"https:\/\/traescar.com\/index.php\/wp-json\/wp\/v2\/pages\/12\/revisions"}],"predecessor-version":[{"id":231,"href":"https:\/\/traescar.com\/index.php\/wp-json\/wp\/v2\/pages\/12\/revisions\/231"}],"wp:attachment":[{"href":"https:\/\/traescar.com\/index.php\/wp-json\/wp\/v2\/media?parent=12"}],"curies":[{"name":"wp","href":"https:\/\/api.w.org\/{rel}","templated":true}]}}